{"id":726,"date":"2025-09-07T17:59:07","date_gmt":"2025-09-07T15:59:07","guid":{"rendered":"https:\/\/hiddenhotels.com\/cavalta-boutique-hotel\/politica-de-cookies\/"},"modified":"2026-01-08T10:48:45","modified_gmt":"2026-01-08T09:48:45","slug":"politica-de-cookies","status":"publish","type":"page","link":"https:\/\/hiddenhotels.com\/cavalta-boutique-hotel\/politica-de-cookies\/","title":{"rendered":"Pol\u00edtica de Cookies"},"content":{"rendered":"\t\t<div data-elementor-type=\"wp-page\" data-elementor-id=\"726\" class=\"elementor elementor-726\" data-elementor-post-type=\"page\">\n\t\t\t\t<div class=\"elementor-element elementor-element-ca197db e-flex e-con-boxed e-con e-parent\" data-id=\"ca197db\" data-element_type=\"container\">\n\t\t\t\t\t<div class=\"e-con-inner\">\n\t\t\t\t<div class=\"elementor-element elementor-element-f1956ea elementor-widget elementor-widget-heading\" data-id=\"f1956ea\" data-element_type=\"widget\" data-widget_type=\"heading.default\">\n\t\t\t\t<div class=\"elementor-widget-container\">\n\t\t\t\t\t<h2 class=\"elementor-heading-title elementor-size-default\">Pol\u00edtica de Cookies<\/h2>\t\t\t\t<\/div>\n\t\t\t\t<\/div>\n\t\t\t\t<div class=\"elementor-element elementor-element-62e83ab elementor-widget elementor-widget-html\" data-id=\"62e83ab\" data-element_type=\"widget\" data-widget_type=\"html.default\">\n\t\t\t\t<div class=\"elementor-widget-container\">\n\t\t\t\t\t<script id=\"CookieDeclaration\" src=\"https:\/\/consent.cookiebot.com\/0b0cbadd-cfb1-4eea-8ade-d96e6589f0af\/cd.js\" type=\"text\/javascript\" async><\/script>\t\t\t\t<\/div>\n\t\t\t\t<\/div>\n\t\t\t\t\t<\/div>\n\t\t\t\t<\/div>\n\t\t\t\t<\/div>\n\t\t","protected":false},"excerpt":{"rendered":"<p>Pol\u00edtica de Cookies<\/p>\n","protected":false},"author":1,"featured_media":0,"parent":0,"menu_order":0,"comment_status":"closed","ping_status":"closed","template":"","meta":{"_acf_changed":false,"footnotes":""},"class_list":["post-726","page","type-page","status-publish","hentry"],"acf":[],"yoast_head":"<!-- This site is optimized with the Yoast SEO plugin v25.3 - https:\/\/yoast.com\/wordpress\/plugins\/seo\/ -->\n<title>Pol\u00edtica de Cookies | Hotel Cavalta<\/title>\n<meta name=\"description\" content=\"Inf\u00f3rmese sobre el uso de cookies en el Hotel Cavalta. Le explicamos c\u00f3mo mejoramos su experiencia y c\u00f3mo gestionar sus preferencias con facilidad.\" \/>\n<meta name=\"robots\" content=\"noindex, nofollow\" \/>\n<meta property=\"og:locale\" content=\"es_ES\" \/>\n<meta property=\"og:type\" content=\"article\" \/>\n<meta property=\"og:title\" content=\"Pol\u00edtica de Cookies | Hotel Cavalta\" \/>\n<meta property=\"og:description\" content=\"Inf\u00f3rmese sobre el uso de cookies en el Hotel Cavalta. Le explicamos c\u00f3mo mejoramos su experiencia y c\u00f3mo gestionar sus preferencias con facilidad.\" \/>\n<meta property=\"og:url\" content=\"https:\/\/hiddenhotels.com\/cavalta-boutique-hotel\/politica-de-cookies\/\" \/>\n<meta property=\"og:site_name\" content=\"Cavalta Boutique Hotel\" \/>\n<meta property=\"article:publisher\" content=\"https:\/\/www.facebook.com\/people\/Cavalta-Boutique-Hotel\/100087192609159\/\" \/>\n<meta property=\"article:modified_time\" content=\"2026-01-08T09:48:45+00:00\" \/>\n<meta name=\"twitter:card\" content=\"summary_large_image\" \/>\n<meta name=\"twitter:label1\" content=\"Tiempo de lectura\" \/>\n\t<meta name=\"twitter:data1\" content=\"7 minutos\" \/>\n<script type=\"application\/ld+json\" class=\"yoast-schema-graph\">{\"@context\":\"https:\/\/schema.org\",\"@graph\":[{\"@type\":\"WebPage\",\"@id\":\"https:\/\/hiddenhotels.com\/cavalta-boutique-hotel\/politica-de-cookies\/\",\"url\":\"https:\/\/hiddenhotels.com\/cavalta-boutique-hotel\/politica-de-cookies\/\",\"name\":\"Pol\u00edtica de Cookies | Hotel Cavalta\",\"isPartOf\":{\"@id\":\"https:\/\/hiddenhotels.com\/cavalta-boutique-hotel\/#website\"},\"datePublished\":\"2025-09-07T15:59:07+00:00\",\"dateModified\":\"2026-01-08T09:48:45+00:00\",\"description\":\"Inf\u00f3rmese sobre el uso de cookies en el Hotel Cavalta. Le explicamos c\u00f3mo mejoramos su experiencia y c\u00f3mo gestionar sus preferencias con facilidad.\",\"breadcrumb\":{\"@id\":\"https:\/\/hiddenhotels.com\/cavalta-boutique-hotel\/politica-de-cookies\/#breadcrumb\"},\"inLanguage\":\"es\",\"potentialAction\":[{\"@type\":\"ReadAction\",\"target\":[\"https:\/\/hiddenhotels.com\/cavalta-boutique-hotel\/politica-de-cookies\/\"]}]},{\"@type\":\"BreadcrumbList\",\"@id\":\"https:\/\/hiddenhotels.com\/cavalta-boutique-hotel\/politica-de-cookies\/#breadcrumb\",\"itemListElement\":[{\"@type\":\"ListItem\",\"position\":1,\"name\":\"Portada\",\"item\":\"https:\/\/hiddenhotels.com\/cavalta-boutique-hotel\/\"},{\"@type\":\"ListItem\",\"position\":2,\"name\":\"Pol\u00edtica de Cookies\"}]},{\"@type\":\"WebSite\",\"@id\":\"https:\/\/hiddenhotels.com\/cavalta-boutique-hotel\/#website\",\"url\":\"https:\/\/hiddenhotels.com\/cavalta-boutique-hotel\/\",\"name\":\"Cavalta Boutique Hotel\",\"description\":\"Hotel Boutique de gran lujo en el barrio sevillano de Triana, Sevilla. Nuestro equipo selecciona experiencias que se centran en la cultura, la comida y la historia locales.\",\"publisher\":{\"@id\":\"https:\/\/hiddenhotels.com\/cavalta-boutique-hotel\/#organization\"},\"alternateName\":\"Hotel Cavalta Sevilla\",\"potentialAction\":[{\"@type\":\"SearchAction\",\"target\":{\"@type\":\"EntryPoint\",\"urlTemplate\":\"https:\/\/hiddenhotels.com\/cavalta-boutique-hotel\/?s={search_term_string}\"},\"query-input\":{\"@type\":\"PropertyValueSpecification\",\"valueRequired\":true,\"valueName\":\"search_term_string\"}}],\"inLanguage\":\"es\"},{\"@type\":\"Organization\",\"@id\":\"https:\/\/hiddenhotels.com\/cavalta-boutique-hotel\/#organization\",\"name\":\"Cavalta Boutique Hotel\",\"alternateName\":\"Hotel Cavalta Sevilla\",\"url\":\"https:\/\/hiddenhotels.com\/cavalta-boutique-hotel\/\",\"logo\":{\"@type\":\"ImageObject\",\"inLanguage\":\"es\",\"@id\":\"https:\/\/hiddenhotels.com\/cavalta-boutique-hotel\/#\/schema\/logo\/image\/\",\"url\":\"https:\/\/hiddenhotels.com\/cavalta-boutique-hotel\/wp-content\/uploads\/sites\/4\/2025\/09\/fav.svg\",\"contentUrl\":\"https:\/\/hiddenhotels.com\/cavalta-boutique-hotel\/wp-content\/uploads\/sites\/4\/2025\/09\/fav.svg\",\"width\":210,\"height\":210,\"caption\":\"Cavalta Boutique Hotel\"},\"image\":{\"@id\":\"https:\/\/hiddenhotels.com\/cavalta-boutique-hotel\/#\/schema\/logo\/image\/\"},\"sameAs\":[\"https:\/\/www.facebook.com\/people\/Cavalta-Boutique-Hotel\/100087192609159\/\",\"https:\/\/www.instagram.com\/cavaltaboutiquehotel\/\",\"https:\/\/www.linkedin.com\/company\/cavalta-boutique-hotel-5-gl\/\"]}]}<\/script>\n<!-- \/ Yoast SEO plugin. -->","yoast_head_json":{"title":"Pol\u00edtica de Cookies | Hotel Cavalta","description":"Inf\u00f3rmese sobre el uso de cookies en el Hotel Cavalta. Le explicamos c\u00f3mo mejoramos su experiencia y c\u00f3mo gestionar sus preferencias con facilidad.","robots":{"index":"noindex","follow":"nofollow"},"og_locale":"es_ES","og_type":"article","og_title":"Pol\u00edtica de Cookies | Hotel Cavalta","og_description":"Inf\u00f3rmese sobre el uso de cookies en el Hotel Cavalta. Le explicamos c\u00f3mo mejoramos su experiencia y c\u00f3mo gestionar sus preferencias con facilidad.","og_url":"https:\/\/hiddenhotels.com\/cavalta-boutique-hotel\/politica-de-cookies\/","og_site_name":"Cavalta Boutique Hotel","article_publisher":"https:\/\/www.facebook.com\/people\/Cavalta-Boutique-Hotel\/100087192609159\/","article_modified_time":"2026-01-08T09:48:45+00:00","twitter_card":"summary_large_image","twitter_misc":{"Tiempo de lectura":"7 minutos"},"schema":{"@context":"https:\/\/schema.org","@graph":[{"@type":"WebPage","@id":"https:\/\/hiddenhotels.com\/cavalta-boutique-hotel\/politica-de-cookies\/","url":"https:\/\/hiddenhotels.com\/cavalta-boutique-hotel\/politica-de-cookies\/","name":"Pol\u00edtica de Cookies | Hotel Cavalta","isPartOf":{"@id":"https:\/\/hiddenhotels.com\/cavalta-boutique-hotel\/#website"},"datePublished":"2025-09-07T15:59:07+00:00","dateModified":"2026-01-08T09:48:45+00:00","description":"Inf\u00f3rmese sobre el uso de cookies en el Hotel Cavalta. Le explicamos c\u00f3mo mejoramos su experiencia y c\u00f3mo gestionar sus preferencias con facilidad.","breadcrumb":{"@id":"https:\/\/hiddenhotels.com\/cavalta-boutique-hotel\/politica-de-cookies\/#breadcrumb"},"inLanguage":"es","potentialAction":[{"@type":"ReadAction","target":["https:\/\/hiddenhotels.com\/cavalta-boutique-hotel\/politica-de-cookies\/"]}]},{"@type":"BreadcrumbList","@id":"https:\/\/hiddenhotels.com\/cavalta-boutique-hotel\/politica-de-cookies\/#breadcrumb","itemListElement":[{"@type":"ListItem","position":1,"name":"Portada","item":"https:\/\/hiddenhotels.com\/cavalta-boutique-hotel\/"},{"@type":"ListItem","position":2,"name":"Pol\u00edtica de Cookies"}]},{"@type":"WebSite","@id":"https:\/\/hiddenhotels.com\/cavalta-boutique-hotel\/#website","url":"https:\/\/hiddenhotels.com\/cavalta-boutique-hotel\/","name":"Cavalta Boutique Hotel","description":"Hotel Boutique de gran lujo en el barrio sevillano de Triana, Sevilla. Nuestro equipo selecciona experiencias que se centran en la cultura, la comida y la historia locales.","publisher":{"@id":"https:\/\/hiddenhotels.com\/cavalta-boutique-hotel\/#organization"},"alternateName":"Hotel Cavalta Sevilla","potentialAction":[{"@type":"SearchAction","target":{"@type":"EntryPoint","urlTemplate":"https:\/\/hiddenhotels.com\/cavalta-boutique-hotel\/?s={search_term_string}"},"query-input":{"@type":"PropertyValueSpecification","valueRequired":true,"valueName":"search_term_string"}}],"inLanguage":"es"},{"@type":"Organization","@id":"https:\/\/hiddenhotels.com\/cavalta-boutique-hotel\/#organization","name":"Cavalta Boutique Hotel","alternateName":"Hotel Cavalta Sevilla","url":"https:\/\/hiddenhotels.com\/cavalta-boutique-hotel\/","logo":{"@type":"ImageObject","inLanguage":"es","@id":"https:\/\/hiddenhotels.com\/cavalta-boutique-hotel\/#\/schema\/logo\/image\/","url":"https:\/\/hiddenhotels.com\/cavalta-boutique-hotel\/wp-content\/uploads\/sites\/4\/2025\/09\/fav.svg","contentUrl":"https:\/\/hiddenhotels.com\/cavalta-boutique-hotel\/wp-content\/uploads\/sites\/4\/2025\/09\/fav.svg","width":210,"height":210,"caption":"Cavalta Boutique Hotel"},"image":{"@id":"https:\/\/hiddenhotels.com\/cavalta-boutique-hotel\/#\/schema\/logo\/image\/"},"sameAs":["https:\/\/www.facebook.com\/people\/Cavalta-Boutique-Hotel\/100087192609159\/","https:\/\/www.instagram.com\/cavaltaboutiquehotel\/","https:\/\/www.linkedin.com\/company\/cavalta-boutique-hotel-5-gl\/"]}]}},"_links":{"self":[{"href":"https:\/\/hiddenhotels.com\/cavalta-boutique-hotel\/wp-json\/wp\/v2\/pages\/726","targetHints":{"allow":["GET"]}}],"collection":[{"href":"https:\/\/hiddenhotels.com\/cavalta-boutique-hotel\/wp-json\/wp\/v2\/pages"}],"about":[{"href":"https:\/\/hiddenhotels.com\/cavalta-boutique-hotel\/wp-json\/wp\/v2\/types\/page"}],"author":[{"embeddable":true,"href":"https:\/\/hiddenhotels.com\/cavalta-boutique-hotel\/wp-json\/wp\/v2\/users\/1"}],"replies":[{"embeddable":true,"href":"https:\/\/hiddenhotels.com\/cavalta-boutique-hotel\/wp-json\/wp\/v2\/comments?post=726"}],"version-history":[{"count":8,"href":"https:\/\/hiddenhotels.com\/cavalta-boutique-hotel\/wp-json\/wp\/v2\/pages\/726\/revisions"}],"predecessor-version":[{"id":1559,"href":"https:\/\/hiddenhotels.com\/cavalta-boutique-hotel\/wp-json\/wp\/v2\/pages\/726\/revisions\/1559"}],"wp:attachment":[{"href":"https:\/\/hiddenhotels.com\/cavalta-boutique-hotel\/wp-json\/wp\/v2\/media?parent=726"}],"curies":[{"name":"wp","href":"https:\/\/api.w.org\/{rel}","templated":true}]}}