{"id":1509,"date":"2025-09-19T09:39:34","date_gmt":"2025-09-19T07:39:34","guid":{"rendered":"https:\/\/hiddenhotels.com\/samaritana-suites\/politica-de-cookies\/"},"modified":"2026-01-08T10:48:18","modified_gmt":"2026-01-08T09:48:18","slug":"politica-de-cookies","status":"publish","type":"page","link":"https:\/\/hiddenhotels.com\/samaritana-suites\/politica-de-cookies\/","title":{"rendered":"Pol\u00edtica de Cookies"},"content":{"rendered":"\t\t<div data-elementor-type=\"wp-page\" data-elementor-id=\"1509\" class=\"elementor elementor-1509\" data-elementor-post-type=\"page\">\n\t\t\t\t<div class=\"elementor-element elementor-element-c02a963 e-flex e-con-boxed e-con e-parent\" data-id=\"c02a963\" data-element_type=\"container\">\n\t\t\t\t\t<div class=\"e-con-inner\">\n\t\t\t\t<div class=\"elementor-element elementor-element-8ef932d elementor-widget elementor-widget-heading\" data-id=\"8ef932d\" data-element_type=\"widget\" data-widget_type=\"heading.default\">\n\t\t\t\t<div class=\"elementor-widget-container\">\n\t\t\t\t\t<h2 class=\"elementor-heading-title elementor-size-default\">Pol\u00edtica de Cookies<\/h2>\t\t\t\t<\/div>\n\t\t\t\t<\/div>\n\t\t\t\t<div class=\"elementor-element elementor-element-1d2a88a elementor-widget elementor-widget-html\" data-id=\"1d2a88a\" data-element_type=\"widget\" data-widget_type=\"html.default\">\n\t\t\t\t<div class=\"elementor-widget-container\">\n\t\t\t\t\t<script id=\"CookieDeclaration\" src=\"https:\/\/consent.cookiebot.com\/0b0cbadd-cfb1-4eea-8ade-d96e6589f0af\/cd.js\" type=\"text\/javascript\" async><\/script>\t\t\t\t<\/div>\n\t\t\t\t<\/div>\n\t\t\t\t\t<\/div>\n\t\t\t\t<\/div>\n\t\t\t\t<\/div>\n\t\t","protected":false},"excerpt":{"rendered":"<p>Pol\u00edtica de Cookies<\/p>\n","protected":false},"author":1,"featured_media":0,"parent":0,"menu_order":0,"comment_status":"closed","ping_status":"closed","template":"","meta":{"_acf_changed":false,"footnotes":""},"class_list":["post-1509","page","type-page","status-publish","hentry"],"acf":[],"yoast_head":"<!-- This site is optimized with the Yoast SEO plugin v25.3 - https:\/\/yoast.com\/wordpress\/plugins\/seo\/ -->\n<title>Pol\u00edtica de Cookies | Samaritana Suites Mallorca<\/title>\n<meta name=\"description\" content=\"Informaci\u00f3n clara sobre el uso de cookies en Samaritana Suites. Conozca qu\u00e9 datos recopilamos y c\u00f3mo gestionar sus preferencias de navegaci\u00f3n.\" \/>\n<meta name=\"robots\" content=\"noindex, nofollow\" \/>\n<meta property=\"og:locale\" content=\"es_ES\" \/>\n<meta property=\"og:type\" content=\"article\" \/>\n<meta property=\"og:title\" content=\"Pol\u00edtica de Cookies | Samaritana Suites Mallorca\" \/>\n<meta property=\"og:description\" content=\"Informaci\u00f3n clara sobre el uso de cookies en Samaritana Suites. Conozca qu\u00e9 datos recopilamos y c\u00f3mo gestionar sus preferencias de navegaci\u00f3n.\" \/>\n<meta property=\"og:url\" content=\"https:\/\/hiddenhotels.com\/samaritana-suites\/politica-de-cookies\/\" \/>\n<meta property=\"og:site_name\" content=\"Samaratina Suites\" \/>\n<meta property=\"article:modified_time\" content=\"2026-01-08T09:48:18+00:00\" \/>\n<meta name=\"twitter:card\" content=\"summary_large_image\" \/>\n<meta name=\"twitter:label1\" content=\"Tiempo de lectura\" \/>\n\t<meta name=\"twitter:data1\" content=\"7 minutos\" \/>\n<script type=\"application\/ld+json\" class=\"yoast-schema-graph\">{\"@context\":\"https:\/\/schema.org\",\"@graph\":[{\"@type\":\"WebPage\",\"@id\":\"https:\/\/hiddenhotels.com\/samaritana-suites\/politica-de-cookies\/\",\"url\":\"https:\/\/hiddenhotels.com\/samaritana-suites\/politica-de-cookies\/\",\"name\":\"Pol\u00edtica de Cookies | Samaritana Suites Mallorca\",\"isPartOf\":{\"@id\":\"https:\/\/hiddenhotels.com\/samaritana-suites\/#website\"},\"datePublished\":\"2025-09-19T07:39:34+00:00\",\"dateModified\":\"2026-01-08T09:48:18+00:00\",\"description\":\"Informaci\u00f3n clara sobre el uso de cookies en Samaritana Suites. Conozca qu\u00e9 datos recopilamos y c\u00f3mo gestionar sus preferencias de navegaci\u00f3n.\",\"breadcrumb\":{\"@id\":\"https:\/\/hiddenhotels.com\/samaritana-suites\/politica-de-cookies\/#breadcrumb\"},\"inLanguage\":\"es\",\"potentialAction\":[{\"@type\":\"ReadAction\",\"target\":[\"https:\/\/hiddenhotels.com\/samaritana-suites\/politica-de-cookies\/\"]}]},{\"@type\":\"BreadcrumbList\",\"@id\":\"https:\/\/hiddenhotels.com\/samaritana-suites\/politica-de-cookies\/#breadcrumb\",\"itemListElement\":[{\"@type\":\"ListItem\",\"position\":1,\"name\":\"Portada\",\"item\":\"https:\/\/hiddenhotels.com\/samaritana-suites\/\"},{\"@type\":\"ListItem\",\"position\":2,\"name\":\"Pol\u00edtica de Cookies\"}]},{\"@type\":\"WebSite\",\"@id\":\"https:\/\/hiddenhotels.com\/samaritana-suites\/#website\",\"url\":\"https:\/\/hiddenhotels.com\/samaritana-suites\/\",\"name\":\"Samaritana Suites\",\"description\":\"Hotel a pie de la Plaza Mayor de Palma con suites dise\u00f1adas como joyas concebidas para experimentar la ciudad en un entorno que parece creado para una escena de cine.\",\"publisher\":{\"@id\":\"https:\/\/hiddenhotels.com\/samaritana-suites\/#organization\"},\"alternateName\":\"Samaritana Suites Aparthotel\",\"potentialAction\":[{\"@type\":\"SearchAction\",\"target\":{\"@type\":\"EntryPoint\",\"urlTemplate\":\"https:\/\/hiddenhotels.com\/samaritana-suites\/?s={search_term_string}\"},\"query-input\":{\"@type\":\"PropertyValueSpecification\",\"valueRequired\":true,\"valueName\":\"search_term_string\"}}],\"inLanguage\":\"es\"},{\"@type\":\"Organization\",\"@id\":\"https:\/\/hiddenhotels.com\/samaritana-suites\/#organization\",\"name\":\"Samaritana Suites\",\"alternateName\":\"Samaritana Suites Aparthotel\",\"url\":\"https:\/\/hiddenhotels.com\/samaritana-suites\/\",\"logo\":{\"@type\":\"ImageObject\",\"inLanguage\":\"es\",\"@id\":\"https:\/\/hiddenhotels.com\/samaritana-suites\/#\/schema\/logo\/image\/\",\"url\":\"https:\/\/hiddenhotels.com\/samaritana-suites\/wp-content\/uploads\/sites\/3\/2025\/09\/samaritanalogoblack.svg\",\"contentUrl\":\"https:\/\/hiddenhotels.com\/samaritana-suites\/wp-content\/uploads\/sites\/3\/2025\/09\/samaritanalogoblack.svg\",\"width\":100,\"height\":100,\"caption\":\"Samaritana Suites\"},\"image\":{\"@id\":\"https:\/\/hiddenhotels.com\/samaritana-suites\/#\/schema\/logo\/image\/\"}}]}<\/script>\n<!-- \/ Yoast SEO plugin. -->","yoast_head_json":{"title":"Pol\u00edtica de Cookies | Samaritana Suites Mallorca","description":"Informaci\u00f3n clara sobre el uso de cookies en Samaritana Suites. Conozca qu\u00e9 datos recopilamos y c\u00f3mo gestionar sus preferencias de navegaci\u00f3n.","robots":{"index":"noindex","follow":"nofollow"},"og_locale":"es_ES","og_type":"article","og_title":"Pol\u00edtica de Cookies | Samaritana Suites Mallorca","og_description":"Informaci\u00f3n clara sobre el uso de cookies en Samaritana Suites. Conozca qu\u00e9 datos recopilamos y c\u00f3mo gestionar sus preferencias de navegaci\u00f3n.","og_url":"https:\/\/hiddenhotels.com\/samaritana-suites\/politica-de-cookies\/","og_site_name":"Samaratina Suites","article_modified_time":"2026-01-08T09:48:18+00:00","twitter_card":"summary_large_image","twitter_misc":{"Tiempo de lectura":"7 minutos"},"schema":{"@context":"https:\/\/schema.org","@graph":[{"@type":"WebPage","@id":"https:\/\/hiddenhotels.com\/samaritana-suites\/politica-de-cookies\/","url":"https:\/\/hiddenhotels.com\/samaritana-suites\/politica-de-cookies\/","name":"Pol\u00edtica de Cookies | Samaritana Suites Mallorca","isPartOf":{"@id":"https:\/\/hiddenhotels.com\/samaritana-suites\/#website"},"datePublished":"2025-09-19T07:39:34+00:00","dateModified":"2026-01-08T09:48:18+00:00","description":"Informaci\u00f3n clara sobre el uso de cookies en Samaritana Suites. Conozca qu\u00e9 datos recopilamos y c\u00f3mo gestionar sus preferencias de navegaci\u00f3n.","breadcrumb":{"@id":"https:\/\/hiddenhotels.com\/samaritana-suites\/politica-de-cookies\/#breadcrumb"},"inLanguage":"es","potentialAction":[{"@type":"ReadAction","target":["https:\/\/hiddenhotels.com\/samaritana-suites\/politica-de-cookies\/"]}]},{"@type":"BreadcrumbList","@id":"https:\/\/hiddenhotels.com\/samaritana-suites\/politica-de-cookies\/#breadcrumb","itemListElement":[{"@type":"ListItem","position":1,"name":"Portada","item":"https:\/\/hiddenhotels.com\/samaritana-suites\/"},{"@type":"ListItem","position":2,"name":"Pol\u00edtica de Cookies"}]},{"@type":"WebSite","@id":"https:\/\/hiddenhotels.com\/samaritana-suites\/#website","url":"https:\/\/hiddenhotels.com\/samaritana-suites\/","name":"Samaritana Suites","description":"Hotel a pie de la Plaza Mayor de Palma con suites dise\u00f1adas como joyas concebidas para experimentar la ciudad en un entorno que parece creado para una escena de cine.","publisher":{"@id":"https:\/\/hiddenhotels.com\/samaritana-suites\/#organization"},"alternateName":"Samaritana Suites Aparthotel","potentialAction":[{"@type":"SearchAction","target":{"@type":"EntryPoint","urlTemplate":"https:\/\/hiddenhotels.com\/samaritana-suites\/?s={search_term_string}"},"query-input":{"@type":"PropertyValueSpecification","valueRequired":true,"valueName":"search_term_string"}}],"inLanguage":"es"},{"@type":"Organization","@id":"https:\/\/hiddenhotels.com\/samaritana-suites\/#organization","name":"Samaritana Suites","alternateName":"Samaritana Suites Aparthotel","url":"https:\/\/hiddenhotels.com\/samaritana-suites\/","logo":{"@type":"ImageObject","inLanguage":"es","@id":"https:\/\/hiddenhotels.com\/samaritana-suites\/#\/schema\/logo\/image\/","url":"https:\/\/hiddenhotels.com\/samaritana-suites\/wp-content\/uploads\/sites\/3\/2025\/09\/samaritanalogoblack.svg","contentUrl":"https:\/\/hiddenhotels.com\/samaritana-suites\/wp-content\/uploads\/sites\/3\/2025\/09\/samaritanalogoblack.svg","width":100,"height":100,"caption":"Samaritana Suites"},"image":{"@id":"https:\/\/hiddenhotels.com\/samaritana-suites\/#\/schema\/logo\/image\/"}}]}},"_links":{"self":[{"href":"https:\/\/hiddenhotels.com\/samaritana-suites\/wp-json\/wp\/v2\/pages\/1509","targetHints":{"allow":["GET"]}}],"collection":[{"href":"https:\/\/hiddenhotels.com\/samaritana-suites\/wp-json\/wp\/v2\/pages"}],"about":[{"href":"https:\/\/hiddenhotels.com\/samaritana-suites\/wp-json\/wp\/v2\/types\/page"}],"author":[{"embeddable":true,"href":"https:\/\/hiddenhotels.com\/samaritana-suites\/wp-json\/wp\/v2\/users\/1"}],"replies":[{"embeddable":true,"href":"https:\/\/hiddenhotels.com\/samaritana-suites\/wp-json\/wp\/v2\/comments?post=1509"}],"version-history":[{"count":7,"href":"https:\/\/hiddenhotels.com\/samaritana-suites\/wp-json\/wp\/v2\/pages\/1509\/revisions"}],"predecessor-version":[{"id":2175,"href":"https:\/\/hiddenhotels.com\/samaritana-suites\/wp-json\/wp\/v2\/pages\/1509\/revisions\/2175"}],"wp:attachment":[{"href":"https:\/\/hiddenhotels.com\/samaritana-suites\/wp-json\/wp\/v2\/media?parent=1509"}],"curies":[{"name":"wp","href":"https:\/\/api.w.org\/{rel}","templated":true}]}}