{"id":458,"date":"2025-09-11T11:27:26","date_gmt":"2025-09-11T09:27:26","guid":{"rendered":"https:\/\/hiddenhotels.com\/seda-club\/aviso-legal\/"},"modified":"2026-04-15T12:05:38","modified_gmt":"2026-04-15T10:05:38","slug":"legal-notice","status":"publish","type":"page","link":"https:\/\/hiddenhotels.com\/seda-club\/en\/legal-notice\/","title":{"rendered":"Legal notice"},"content":{"rendered":"<div data-elementor-type=\"wp-page\" data-elementor-id=\"458\" class=\"elementor elementor-458\" data-elementor-post-type=\"page\">\n\t\t\t\t<div class=\"elementor-element elementor-element-2fbfd309 e-flex e-con-boxed e-con e-parent\" data-id=\"2fbfd309\" data-element_type=\"container\">\n\t\t\t\t\t<div class=\"e-con-inner\">\n\t\t\t\t<div class=\"elementor-element elementor-element-4c755a64 elementor-widget elementor-widget-heading\" data-id=\"4c755a64\" data-element_type=\"widget\" data-widget_type=\"heading.default\">\n\t\t\t\t<div class=\"elementor-widget-container\">\n\t\t\t\t\t<h2 class=\"elementor-heading-title elementor-size-default\">Legal Notice<\/h2>\t\t\t\t<\/div>\n\t\t\t\t<\/div>\n\t\t\t\t<div class=\"elementor-element elementor-element-4f866b7f elementor-widget elementor-widget-text-editor\" data-id=\"4f866b7f\" data-element_type=\"widget\" data-widget_type=\"text-editor.default\">\n\t\t\t\t<div class=\"elementor-widget-container\">\n\t\t\t\t\t\t\t\t\t<p>1. Identification and contact details of the owner of the website.<\/p>\t\t\t\t\t\t\t\t<\/div>\n\t\t\t\t<\/div>\n\t\t\t\t<div class=\"elementor-element elementor-element-728cfa0c elementor-widget__width-initial elementor-widget-mobile_extra__width-inherit elementor-widget elementor-widget-text-editor\" data-id=\"728cfa0c\" data-element_type=\"widget\" data-widget_type=\"text-editor.default\">\n\t\t\t\t<div class=\"elementor-widget-container\">\n\t\t\t\t\t\t\t\t\t<p>The website <a href=\"https:\/\/hiddenhotels.com\/seda-club\/en\">https:\/\/hiddenhotels.com\/seda-club\/<\/a> \u00a0(hereinafter, the \u201cWebsite\u201d) is owned by WANA INVERSIONES, S.A., (hereinafter, the \u201cOwner\u201d), with Tax Identification Code A83057174 and registered address at C\/ Echegaray, 8, 28014, Madrid.<\/p><p>WANA INVERSIONES, S.A., acts as the operating company of the establishment SEDA CLUB HOTEL and as a provider of information society services in accordance with Law 34\/2002 (LSSI-CE).<\/p><p>Certain services offered through the Website may be managed by different companies of the HIDDEN HOTELS group, as well as by related entities that provide management, marketing or operational support services.<\/p><p>Within the framework of the internal organisation of the HIDDEN HOTELS group, certain activities related to customer management, marketing and commercial communications may be centralised through group entities, such as CREGEST, S.L., without prejudice to the responsibilities corresponding to each entity in accordance with the applicable regulations.<\/p>\t\t\t\t\t\t\t\t<\/div>\n\t\t\t\t<\/div>\n\t\t\t\t<div class=\"elementor-element elementor-element-e103bc5 elementor-widget elementor-widget-text-editor\" data-id=\"e103bc5\" data-element_type=\"widget\" data-widget_type=\"text-editor.default\">\n\t\t\t\t<div class=\"elementor-widget-container\">\n\t\t\t\t\t\t\t\t\t<p>Other details of the owner<\/p>\t\t\t\t\t\t\t\t<\/div>\n\t\t\t\t<\/div>\n\t\t\t\t<div class=\"elementor-element elementor-element-47f42df elementor-widget__width-initial elementor-widget-mobile_extra__width-inherit elementor-widget elementor-widget-text-editor\" data-id=\"47f42df\" data-element_type=\"widget\" data-widget_type=\"text-editor.default\">\n\t\t\t\t<div class=\"elementor-widget-container\">\n\t\t\t\t\t\t\t\t\t<p>Telephone (+34) 910 56 93 54 and e-mail <a href=\"mailto:lopd@hiddenhotels.com\">lopd@hiddenhotels.com<\/a>.<\/p><p>Registered in the Mercantile Register of Madrid, volume 16743, folio 43, page M-285986.<\/p>\t\t\t\t\t\t\t\t<\/div>\n\t\t\t\t<\/div>\n\t\t\t\t<div class=\"elementor-element elementor-element-8a44fc7 elementor-widget elementor-widget-text-editor\" data-id=\"8a44fc7\" data-element_type=\"widget\" data-widget_type=\"text-editor.default\">\n\t\t\t\t<div class=\"elementor-widget-container\">\n\t\t\t\t\t\t\t\t\t<p>2. Scope of application.\u00a0<\/p>\t\t\t\t\t\t\t\t<\/div>\n\t\t\t\t<\/div>\n\t\t\t\t<div class=\"elementor-element elementor-element-517a9357 elementor-widget__width-initial elementor-widget-mobile_extra__width-inherit elementor-widget elementor-widget-text-editor\" data-id=\"517a9357\" data-element_type=\"widget\" data-widget_type=\"text-editor.default\">\n\t\t\t\t<div class=\"elementor-widget-container\">\n\t\t\t\t\t\t\t\t\t<p>Accessing and browsing the Website confers the status of user and implies full acceptance of this Legal Notice. If you do not agree with the conditions set out above, you must refrain from using the Website.<\/p>\t\t\t\t\t\t\t\t<\/div>\n\t\t\t\t<\/div>\n\t\t\t\t<div class=\"elementor-element elementor-element-34ab62fb elementor-widget elementor-widget-text-editor\" data-id=\"34ab62fb\" data-element_type=\"widget\" data-widget_type=\"text-editor.default\">\n\t\t\t\t<div class=\"elementor-widget-container\">\n\t\t\t\t\t\t\t\t\t<p>3. Age.<\/p>\t\t\t\t\t\t\t\t<\/div>\n\t\t\t\t<\/div>\n\t\t\t\t<div class=\"elementor-element elementor-element-465b7930 elementor-widget__width-initial elementor-widget-mobile_extra__width-inherit elementor-widget elementor-widget-text-editor\" data-id=\"465b7930\" data-element_type=\"widget\" data-widget_type=\"text-editor.default\">\n\t\t\t\t<div class=\"elementor-widget-container\">\n\t\t\t\t\t\t\t\t\t<p>The website is not aimed at children under 14 years of age. The user declares to be at least 14 years of age and guarantees that the information provided is true.<\/p>\t\t\t\t\t\t\t\t<\/div>\n\t\t\t\t<\/div>\n\t\t\t\t<div class=\"elementor-element elementor-element-222cb97b elementor-widget elementor-widget-text-editor\" data-id=\"222cb97b\" data-element_type=\"widget\" data-widget_type=\"text-editor.default\">\n\t\t\t\t<div class=\"elementor-widget-container\">\n\t\t\t\t\t\t\t\t\t<p>4. Intellectual or industrial property.<\/p>\t\t\t\t\t\t\t\t<\/div>\n\t\t\t\t<\/div>\n\t\t\t\t<div class=\"elementor-element elementor-element-31ba066d elementor-widget__width-initial elementor-widget-mobile_extra__width-inherit elementor-widget elementor-widget-text-editor\" data-id=\"31ba066d\" data-element_type=\"widget\" data-widget_type=\"text-editor.default\">\n\t\t\t\t<div class=\"elementor-widget-container\">\n\t\t\t\t\t\t\t\t\t<p>All the contents of the Website, including texts, images, designs, logos, software, source code and any other element subject to protection, are protected by intellectual and industrial property rights owned by WANA INVERSIONES, S.A., the HIDDEN HOTELS group or third parties who have authorised their use.<\/p><p>The reproduction, distribution, public communication, transformation or any other use of the contents without the express authorisation of the holder of the rights is prohibited. The user may make a private copy of the contents solely for personal use, provided that this does not imply transfer to third parties, commercial exploitation or installation on servers accessible to the public.<\/p>\t\t\t\t\t\t\t\t<\/div>\n\t\t\t\t<\/div>\n\t\t\t\t<div class=\"elementor-element elementor-element-476587dd elementor-widget elementor-widget-text-editor\" data-id=\"476587dd\" data-element_type=\"widget\" data-widget_type=\"text-editor.default\">\n\t\t\t\t<div class=\"elementor-widget-container\">\n\t\t\t\t\t\t\t\t\t<p>5. Common rules for use of the website.<\/p>\t\t\t\t\t\t\t\t<\/div>\n\t\t\t\t<\/div>\n\t\t\t\t<div class=\"elementor-element elementor-element-f812af0 elementor-widget__width-initial elementor-widget-mobile_extra__width-inherit elementor-widget elementor-widget-text-editor\" data-id=\"f812af0\" data-element_type=\"widget\" data-widget_type=\"text-editor.default\">\n\t\t\t\t<div class=\"elementor-widget-container\">\n\t\t\t\t\t\t\t\t\t<p>The user undertakes to use the Website in a diligent, correct and lawful manner, and not to carry out any of the following actions:<\/p><ul><li>publish unauthorised commercial communications;<\/li><li>transmit viruses or any malicious code;<\/li><li>attempt to access other users' accounts;<\/li><li>engage in activities that are unlawful, fraudulent, misleading or otherwise injurious to third parties;<\/li><li>infringe intellectual or industrial property rights;<\/li><li>interfere with the operation of the Website or its technical systems;<\/li><li>or use the Website for purposes contrary to public order or applicable regulations.<\/li><\/ul><p>The owner may remove or block content, suspend access or take any other necessary measures if the user fails to comply with these obligations.<\/p>\t\t\t\t\t\t\t\t<\/div>\n\t\t\t\t<\/div>\n\t\t\t\t<div class=\"elementor-element elementor-element-376fff57 elementor-widget elementor-widget-text-editor\" data-id=\"376fff57\" data-element_type=\"widget\" data-widget_type=\"text-editor.default\">\n\t\t\t\t<div class=\"elementor-widget-container\">\n\t\t\t\t\t\t\t\t\t<p>6. Links and limitation of liability.<\/p>\t\t\t\t\t\t\t\t<\/div>\n\t\t\t\t<\/div>\n\t\t\t\t<div class=\"elementor-element elementor-element-319a7f01 elementor-widget__width-initial elementor-widget-mobile_extra__width-inherit elementor-widget elementor-widget-text-editor\" data-id=\"319a7f01\" data-element_type=\"widget\" data-widget_type=\"text-editor.default\">\n\t\t\t\t<div class=\"elementor-widget-container\">\n\t\t\t\t\t\t\t\t\t<p>The establishment of a hyperlink does not imply in any case the existence of a relationship between the Holder and the owner of the website on which it is established, nor the acceptance and approval by the Holder of its contents or services. Those persons who intend to establish a hyperlink must request prior written authorisation from the Proprietor. In any case, the hyperlink will only allow access to the home page of our website. Likewise, you must refrain from making false, inaccurate or incorrect statements or indications about the Owner, or include illegal content, contrary to good customs and public order.<\/p><p>The Owner is not responsible for the use that each user makes of the materials made available on this website nor for the actions carried out on the basis of the same. The content of the Website is of a general and merely informative nature.<\/p><p>The Owner shall not assume responsibility for the content or operation of third party websites to which the user of the Website may have access through any type of link.<\/p><p>The Owner declines any liability, to the extent permitted by law, for damages resulting from the presence of viruses, actions of third parties that violate property rights, honour, privacy or illegal advertising.<\/p><p>If any user or third party considers that any type of illicit activity of any kind is being committed on the Website, they should send a communication to the Owner to the email address that appears in our identification data. He\/she must duly identify him\/herself, specifying the facts that he\/she denounces.<\/p>\t\t\t\t\t\t\t\t<\/div>\n\t\t\t\t<\/div>\n\t\t\t\t<div class=\"elementor-element elementor-element-2a242d92 elementor-widget elementor-widget-text-editor\" data-id=\"2a242d92\" data-element_type=\"widget\" data-widget_type=\"text-editor.default\">\n\t\t\t\t<div class=\"elementor-widget-container\">\n\t\t\t\t\t\t\t\t\t<p>7. Privacy.<\/p>\t\t\t\t\t\t\t\t<\/div>\n\t\t\t\t<\/div>\n\t\t\t\t<div class=\"elementor-element elementor-element-62536552 elementor-widget__width-initial elementor-widget-mobile_extra__width-inherit elementor-widget elementor-widget-text-editor\" data-id=\"62536552\" data-element_type=\"widget\" data-widget_type=\"text-editor.default\">\n\t\t\t\t<div class=\"elementor-widget-container\">\n\t\t\t\t\t\t\t\t\t<p>The personal data collected through the Website will be processed in accordance with the provisions of the Privacy Policy, which details the identity of those responsible for the processing, the purposes, legal bases, recipients and other information required by the applicable regulations.<\/p>\t\t\t\t\t\t\t\t<\/div>\n\t\t\t\t<\/div>\n\t\t\t\t<div class=\"elementor-element elementor-element-6981c6ef elementor-widget elementor-widget-text-editor\" data-id=\"6981c6ef\" data-element_type=\"widget\" data-widget_type=\"text-editor.default\">\n\t\t\t\t<div class=\"elementor-widget-container\">\n\t\t\t\t\t\t\t\t\t<p>8. Modifications<\/p>\t\t\t\t\t\t\t\t<\/div>\n\t\t\t\t<\/div>\n\t\t\t\t<div class=\"elementor-element elementor-element-47e4ebf elementor-widget__width-initial elementor-widget-mobile_extra__width-inherit elementor-widget elementor-widget-text-editor\" data-id=\"47e4ebf\" data-element_type=\"widget\" data-widget_type=\"text-editor.default\">\n\t\t\t\t<div class=\"elementor-widget-container\">\n\t\t\t\t\t\t\t\t\t<p>The Owner reserves the right to make any modifications it deems appropriate, without prior notice, to the content of its website. Both with regard to the contents of the website, as in the conditions of use thereof, or in the general conditions of contract. Said modifications may be made through its website by any legally admissible means and shall be binding for as long as they are published on the website and until they are validly modified by subsequent modifications.<\/p>\t\t\t\t\t\t\t\t<\/div>\n\t\t\t\t<\/div>\n\t\t\t\t<div class=\"elementor-element elementor-element-3efc2bd6 elementor-widget__width-initial elementor-widget-mobile_extra__width-inherit elementor-widget elementor-widget-text-editor\" data-id=\"3efc2bd6\" data-element_type=\"widget\" data-widget_type=\"text-editor.default\">\n\t\t\t\t<div class=\"elementor-widget-container\">\n\t\t\t\t\t\t\t\t\t<p>9. Applicable law, settlement of disputes and court of jurisdiction.<\/p>\t\t\t\t\t\t\t\t<\/div>\n\t\t\t\t<\/div>\n\t\t\t\t<div class=\"elementor-element elementor-element-4f6fbe40 elementor-widget__width-initial elementor-widget-mobile_extra__width-inherit elementor-widget elementor-widget-text-editor\" data-id=\"4f6fbe40\" data-element_type=\"widget\" data-widget_type=\"text-editor.default\">\n\t\t\t\t<div class=\"elementor-widget-container\">\n\t\t\t\t\t\t\t\t\t<p>The use of the Website shall be governed by Spanish law. Any dispute arising from or related to the use of the Website shall be subject to the non-exclusive jurisdiction of the Courts and Tribunals of the municipality where the registered office of the Owner is located.<\/p>\t\t\t\t\t\t\t\t<\/div>\n\t\t\t\t<\/div>\n\t\t\t\t\t<\/div>\n\t\t\t\t<\/div>\n\t\t\t\t<\/div>","protected":false},"excerpt":{"rendered":"<p>Aviso Legal 1. Identificaci\u00f3n y contacto del propietario de la web. El sitio web https:\/\/hiddenhotels.com\/seda-club\/ \u00a0(en adelante, la \u201cWeb\u201d) es titularidad de WANA INVERSIONES, S.A., (en adelante, el \u201cTitular\u201d), con CIF A83057174 y domicilio en C\/ Echegaray, 8, 28014, Madrid. WANA INVERSIONES, S.A., act\u00faa como sociedad explotadora del establecimiento SEDA CLUB HOTEL y como prestador [&hellip;]<\/p>","protected":false},"author":1,"featured_media":0,"parent":0,"menu_order":0,"comment_status":"closed","ping_status":"closed","template":"","meta":{"_acf_changed":false,"footnotes":""},"class_list":["post-458","page","type-page","status-publish","hentry"],"acf":[],"yoast_head":"<!-- This site is optimized with the Yoast SEO plugin v25.3 - https:\/\/yoast.com\/wordpress\/plugins\/seo\/ -->\n<title>Aviso Legal | Hotel Seda Club<\/title>\n<meta name=\"description\" content=\"Consulte el aviso legal de Hotel Seda Club. Informaci\u00f3n completa sobre condiciones de uso, normativa y protecci\u00f3n de sus derechos como usuario.\" \/>\n<meta name=\"robots\" content=\"noindex, nofollow\" \/>\n<meta property=\"og:locale\" content=\"en_GB\" \/>\n<meta property=\"og:type\" content=\"article\" \/>\n<meta property=\"og:title\" content=\"Aviso Legal | Hotel Seda Club\" \/>\n<meta property=\"og:description\" content=\"Consulte el aviso legal de Hotel Seda Club. Informaci\u00f3n completa sobre condiciones de uso, normativa y protecci\u00f3n de sus derechos como usuario.\" \/>\n<meta property=\"og:url\" content=\"https:\/\/hiddenhotels.com\/seda-club\/en\/legal-notice\/\" \/>\n<meta property=\"og:site_name\" content=\"Seda Club Hotel\" \/>\n<meta property=\"article:publisher\" content=\"https:\/\/www.facebook.com\/sedaclubhotel\/\" \/>\n<meta property=\"article:modified_time\" content=\"2026-04-15T10:05:38+00:00\" \/>\n<meta property=\"og:image\" content=\"https:\/\/hiddenhotels.com\/seda-club\/wp-content\/uploads\/sites\/6\/2025\/09\/Hotel-Rooftop-3-scaled-1.jpg\" \/>\n\t<meta property=\"og:image:width\" content=\"2560\" \/>\n\t<meta property=\"og:image:height\" content=\"1707\" \/>\n\t<meta property=\"og:image:type\" content=\"image\/jpeg\" \/>\n<meta name=\"twitter:card\" content=\"summary_large_image\" \/>\n<meta name=\"twitter:label1\" content=\"Estimated reading time\" \/>\n\t<meta name=\"twitter:data1\" content=\"5 minutes\" \/>\n<script type=\"application\/ld+json\" class=\"yoast-schema-graph\">{\"@context\":\"https:\/\/schema.org\",\"@graph\":[{\"@type\":\"WebPage\",\"@id\":\"https:\/\/hiddenhotels.com\/seda-club\/aviso-legal\/\",\"url\":\"https:\/\/hiddenhotels.com\/seda-club\/aviso-legal\/\",\"name\":\"Aviso Legal | Hotel Seda Club\",\"isPartOf\":{\"@id\":\"https:\/\/hiddenhotels.com\/seda-club\/#website\"},\"datePublished\":\"2025-09-11T09:27:26+00:00\",\"dateModified\":\"2026-04-15T10:05:38+00:00\",\"description\":\"Consulte el aviso legal de Hotel Seda Club. Informaci\u00f3n completa sobre condiciones de uso, normativa y protecci\u00f3n de sus derechos como usuario.\",\"breadcrumb\":{\"@id\":\"https:\/\/hiddenhotels.com\/seda-club\/aviso-legal\/#breadcrumb\"},\"inLanguage\":\"en-GB\",\"potentialAction\":[{\"@type\":\"ReadAction\",\"target\":[\"https:\/\/hiddenhotels.com\/seda-club\/aviso-legal\/\"]}]},{\"@type\":\"BreadcrumbList\",\"@id\":\"https:\/\/hiddenhotels.com\/seda-club\/aviso-legal\/#breadcrumb\",\"itemListElement\":[{\"@type\":\"ListItem\",\"position\":1,\"name\":\"Portada\",\"item\":\"https:\/\/hiddenhotels.com\/seda-club\/\"},{\"@type\":\"ListItem\",\"position\":2,\"name\":\"Aviso legal\"}]},{\"@type\":\"WebSite\",\"@id\":\"https:\/\/hiddenhotels.com\/seda-club\/#website\",\"url\":\"https:\/\/hiddenhotels.com\/seda-club\/\",\"name\":\"Seda Club Hotel\",\"description\":\"Seda Club Hotel, hotel 5 estrellas Gran Lujo en el coraz\u00f3n de Granada: 21 habitaciones exquisitas, dise\u00f1o contempor\u00e1neo con toques art deco, spa boutique, restaurante de cocina local, terraza con vistas a la Catedral y ubicaci\u00f3n privilegiada en Plaza de la Trinidad. Vive el lujo con autenticidad.\",\"publisher\":{\"@id\":\"https:\/\/hiddenhotels.com\/seda-club\/#organization\"},\"alternateName\":\"Hotel Seda Club Granada\",\"potentialAction\":[{\"@type\":\"SearchAction\",\"target\":{\"@type\":\"EntryPoint\",\"urlTemplate\":\"https:\/\/hiddenhotels.com\/seda-club\/?s={search_term_string}\"},\"query-input\":{\"@type\":\"PropertyValueSpecification\",\"valueRequired\":true,\"valueName\":\"search_term_string\"}}],\"inLanguage\":\"en-GB\"},{\"@type\":\"Organization\",\"@id\":\"https:\/\/hiddenhotels.com\/seda-club\/#organization\",\"name\":\"Seda Club Hotel\",\"alternateName\":\"Hotel Seda Club - Hidden Hotels\",\"url\":\"https:\/\/hiddenhotels.com\/seda-club\/\",\"logo\":{\"@type\":\"ImageObject\",\"inLanguage\":\"en-GB\",\"@id\":\"https:\/\/hiddenhotels.com\/seda-club\/#\/schema\/logo\/image\/\",\"url\":\"https:\/\/hiddenhotels.com\/seda-club\/wp-content\/uploads\/sites\/6\/2025\/09\/cropped-logoSedaClub-black-favicon.png\",\"contentUrl\":\"https:\/\/hiddenhotels.com\/seda-club\/wp-content\/uploads\/sites\/6\/2025\/09\/cropped-logoSedaClub-black-favicon.png\",\"width\":512,\"height\":512,\"caption\":\"Seda Club Hotel\"},\"image\":{\"@id\":\"https:\/\/hiddenhotels.com\/seda-club\/#\/schema\/logo\/image\/\"},\"sameAs\":[\"https:\/\/www.facebook.com\/sedaclubhotel\/\",\"https:\/\/www.instagram.com\/sedaclubhotel\/\"]}]}<\/script>\n<!-- \/ Yoast SEO plugin. -->","yoast_head_json":{"title":"Legal Notice | Hotel Seda Club","description":"Consult the legal notice of Hotel Seda Club. Complete information on conditions of use, regulations and protection of your rights as a user.","robots":{"index":"noindex","follow":"nofollow"},"og_locale":"en_GB","og_type":"article","og_title":"Aviso Legal | Hotel Seda Club","og_description":"Consulte el aviso legal de Hotel Seda Club. Informaci\u00f3n completa sobre condiciones de uso, normativa y protecci\u00f3n de sus derechos como usuario.","og_url":"https:\/\/hiddenhotels.com\/seda-club\/en\/legal-notice\/","og_site_name":"Seda Club Hotel","article_publisher":"https:\/\/www.facebook.com\/sedaclubhotel\/","article_modified_time":"2026-04-15T10:05:38+00:00","og_image":[{"width":2560,"height":1707,"url":"https:\/\/hiddenhotels.com\/seda-club\/wp-content\/uploads\/sites\/6\/2025\/09\/Hotel-Rooftop-3-scaled-1.jpg","type":"image\/jpeg"}],"twitter_card":"summary_large_image","twitter_misc":{"Estimated reading time":"5 minutes"},"schema":{"@context":"https:\/\/schema.org","@graph":[{"@type":"WebPage","@id":"https:\/\/hiddenhotels.com\/seda-club\/aviso-legal\/","url":"https:\/\/hiddenhotels.com\/seda-club\/aviso-legal\/","name":"Legal Notice | Hotel Seda Club","isPartOf":{"@id":"https:\/\/hiddenhotels.com\/seda-club\/#website"},"datePublished":"2025-09-11T09:27:26+00:00","dateModified":"2026-04-15T10:05:38+00:00","description":"Consult the legal notice of Hotel Seda Club. Complete information on conditions of use, regulations and protection of your rights as a user.","breadcrumb":{"@id":"https:\/\/hiddenhotels.com\/seda-club\/aviso-legal\/#breadcrumb"},"inLanguage":"en-GB","potentialAction":[{"@type":"ReadAction","target":["https:\/\/hiddenhotels.com\/seda-club\/aviso-legal\/"]}]},{"@type":"BreadcrumbList","@id":"https:\/\/hiddenhotels.com\/seda-club\/aviso-legal\/#breadcrumb","itemListElement":[{"@type":"ListItem","position":1,"name":"Portada","item":"https:\/\/hiddenhotels.com\/seda-club\/"},{"@type":"ListItem","position":2,"name":"Aviso legal"}]},{"@type":"WebSite","@id":"https:\/\/hiddenhotels.com\/seda-club\/#website","url":"https:\/\/hiddenhotels.com\/seda-club\/","name":"Seda Club Hotel","description":"Seda Club Hotel, 5 star Grand Luxury hotel in the heart of Granada: 21 exquisite rooms, contemporary design with art deco touches, boutique spa, local cuisine restaurant, terrace overlooking the Cathedral and privileged location in Plaza de la Trinidad. Experience luxury with authenticity.","publisher":{"@id":"https:\/\/hiddenhotels.com\/seda-club\/#organization"},"alternateName":"Hotel Seda Club Granada","potentialAction":[{"@type":"SearchAction","target":{"@type":"EntryPoint","urlTemplate":"https:\/\/hiddenhotels.com\/seda-club\/?s={search_term_string}"},"query-input":{"@type":"PropertyValueSpecification","valueRequired":true,"valueName":"search_term_string"}}],"inLanguage":"en-GB"},{"@type":"Organization","@id":"https:\/\/hiddenhotels.com\/seda-club\/#organization","name":"Seda Club Hotel","alternateName":"Hotel Seda Club - Hidden Hotels","url":"https:\/\/hiddenhotels.com\/seda-club\/","logo":{"@type":"ImageObject","inLanguage":"en-GB","@id":"https:\/\/hiddenhotels.com\/seda-club\/#\/schema\/logo\/image\/","url":"https:\/\/hiddenhotels.com\/seda-club\/wp-content\/uploads\/sites\/6\/2025\/09\/cropped-logoSedaClub-black-favicon.png","contentUrl":"https:\/\/hiddenhotels.com\/seda-club\/wp-content\/uploads\/sites\/6\/2025\/09\/cropped-logoSedaClub-black-favicon.png","width":512,"height":512,"caption":"Seda Club Hotel"},"image":{"@id":"https:\/\/hiddenhotels.com\/seda-club\/#\/schema\/logo\/image\/"},"sameAs":["https:\/\/www.facebook.com\/sedaclubhotel\/","https:\/\/www.instagram.com\/sedaclubhotel\/"]}]}},"_links":{"self":[{"href":"https:\/\/hiddenhotels.com\/seda-club\/en\/wp-json\/wp\/v2\/pages\/458","targetHints":{"allow":["GET"]}}],"collection":[{"href":"https:\/\/hiddenhotels.com\/seda-club\/en\/wp-json\/wp\/v2\/pages"}],"about":[{"href":"https:\/\/hiddenhotels.com\/seda-club\/en\/wp-json\/wp\/v2\/types\/page"}],"author":[{"embeddable":true,"href":"https:\/\/hiddenhotels.com\/seda-club\/en\/wp-json\/wp\/v2\/users\/1"}],"replies":[{"embeddable":true,"href":"https:\/\/hiddenhotels.com\/seda-club\/en\/wp-json\/wp\/v2\/comments?post=458"}],"version-history":[{"count":14,"href":"https:\/\/hiddenhotels.com\/seda-club\/en\/wp-json\/wp\/v2\/pages\/458\/revisions"}],"predecessor-version":[{"id":3508,"href":"https:\/\/hiddenhotels.com\/seda-club\/en\/wp-json\/wp\/v2\/pages\/458\/revisions\/3508"}],"wp:attachment":[{"href":"https:\/\/hiddenhotels.com\/seda-club\/en\/wp-json\/wp\/v2\/media?parent=458"}],"curies":[{"name":"wp","href":"https:\/\/api.w.org\/{rel}","templated":true}]}}