{"id":458,"date":"2025-09-11T11:27:26","date_gmt":"2025-09-11T09:27:26","guid":{"rendered":"https:\/\/hiddenhotels.com\/seda-club\/aviso-legal\/"},"modified":"2026-04-15T12:05:38","modified_gmt":"2026-04-15T10:05:38","slug":"aviso-legal","status":"publish","type":"page","link":"https:\/\/hiddenhotels.com\/seda-club\/aviso-legal\/","title":{"rendered":"Aviso legal"},"content":{"rendered":"\t\t<div data-elementor-type=\"wp-page\" data-elementor-id=\"458\" class=\"elementor elementor-458\" data-elementor-post-type=\"page\">\n\t\t\t\t<div class=\"elementor-element elementor-element-2fbfd309 e-flex e-con-boxed e-con e-parent\" data-id=\"2fbfd309\" data-element_type=\"container\">\n\t\t\t\t\t<div class=\"e-con-inner\">\n\t\t\t\t<div class=\"elementor-element elementor-element-4c755a64 elementor-widget elementor-widget-heading\" data-id=\"4c755a64\" data-element_type=\"widget\" data-widget_type=\"heading.default\">\n\t\t\t\t<div class=\"elementor-widget-container\">\n\t\t\t\t\t<h2 class=\"elementor-heading-title elementor-size-default\">Aviso Legal<\/h2>\t\t\t\t<\/div>\n\t\t\t\t<\/div>\n\t\t\t\t<div class=\"elementor-element elementor-element-4f866b7f elementor-widget elementor-widget-text-editor\" data-id=\"4f866b7f\" data-element_type=\"widget\" data-widget_type=\"text-editor.default\">\n\t\t\t\t<div class=\"elementor-widget-container\">\n\t\t\t\t\t\t\t\t\t<p>1. Identificaci\u00f3n y contacto del propietario de la web.<\/p>\t\t\t\t\t\t\t\t<\/div>\n\t\t\t\t<\/div>\n\t\t\t\t<div class=\"elementor-element elementor-element-728cfa0c elementor-widget__width-initial elementor-widget-mobile_extra__width-inherit elementor-widget elementor-widget-text-editor\" data-id=\"728cfa0c\" data-element_type=\"widget\" data-widget_type=\"text-editor.default\">\n\t\t\t\t<div class=\"elementor-widget-container\">\n\t\t\t\t\t\t\t\t\t<p>El sitio web <a href=\"https:\/\/hiddenhotels.com\/seda-club\/\">https:\/\/hiddenhotels.com\/seda-club\/<\/a> \u00a0(en adelante, la \u201cWeb\u201d) es titularidad de WANA INVERSIONES, S.A., (en adelante, el \u201cTitular\u201d), con CIF A83057174 y domicilio en C\/ Echegaray, 8, 28014, Madrid.<\/p><p>WANA INVERSIONES, S.A., act\u00faa como sociedad explotadora del establecimiento SEDA CLUB HOTEL y como prestador de servicios de la sociedad de la informaci\u00f3n conforme a la Ley 34\/2002 (LSSI-CE).<\/p><p>Determinados servicios ofrecidos a trav\u00e9s de la Web pueden ser gestionados por distintas sociedades del grupo HIDDEN HOTELS, as\u00ed como por entidades vinculadas que prestan servicios de gesti\u00f3n, marketing o soporte operativo.<\/p><p>En el marco de la organizaci\u00f3n interna del grupo HIDDEN HOTELS, determinadas actividades relacionadas con la gesti\u00f3n de clientes, marketing y comunicaciones comerciales pueden ser centralizadas a trav\u00e9s de entidades del grupo, como CREGEST, S.L., sin perjuicio de las responsabilidades que correspondan a cada entidad conforme a la normativa aplicable.<\/p>\t\t\t\t\t\t\t\t<\/div>\n\t\t\t\t<\/div>\n\t\t\t\t<div class=\"elementor-element elementor-element-e103bc5 elementor-widget elementor-widget-text-editor\" data-id=\"e103bc5\" data-element_type=\"widget\" data-widget_type=\"text-editor.default\">\n\t\t\t\t<div class=\"elementor-widget-container\">\n\t\t\t\t\t\t\t\t\t<p>Otros datos del propietario<\/p>\t\t\t\t\t\t\t\t<\/div>\n\t\t\t\t<\/div>\n\t\t\t\t<div class=\"elementor-element elementor-element-47f42df elementor-widget__width-initial elementor-widget-mobile_extra__width-inherit elementor-widget elementor-widget-text-editor\" data-id=\"47f42df\" data-element_type=\"widget\" data-widget_type=\"text-editor.default\">\n\t\t\t\t<div class=\"elementor-widget-container\">\n\t\t\t\t\t\t\t\t\t<p>Tel\u00e9fono (+34) 910 56 93 54 y correo electr\u00f3nico <a href=\"mailto:lopd@hiddenhotels.com\">lopd@hiddenhotels.com<\/a>.<\/p><p>Inscrita en el Registro Mercantil de Madrid tomo 16743, folio 43, hoja M-285986.<\/p>\t\t\t\t\t\t\t\t<\/div>\n\t\t\t\t<\/div>\n\t\t\t\t<div class=\"elementor-element elementor-element-8a44fc7 elementor-widget elementor-widget-text-editor\" data-id=\"8a44fc7\" data-element_type=\"widget\" data-widget_type=\"text-editor.default\">\n\t\t\t\t<div class=\"elementor-widget-container\">\n\t\t\t\t\t\t\t\t\t<p>2. \u00c1mbito de aplicaci\u00f3n.\u00a0<\/p>\t\t\t\t\t\t\t\t<\/div>\n\t\t\t\t<\/div>\n\t\t\t\t<div class=\"elementor-element elementor-element-517a9357 elementor-widget__width-initial elementor-widget-mobile_extra__width-inherit elementor-widget elementor-widget-text-editor\" data-id=\"517a9357\" data-element_type=\"widget\" data-widget_type=\"text-editor.default\">\n\t\t\t\t<div class=\"elementor-widget-container\">\n\t\t\t\t\t\t\t\t\t<p>El acceso y navegaci\u00f3n por la Web atribuyen la condici\u00f3n de usuario e implican la aceptaci\u00f3n plena del presente Aviso Legal. Si no est\u00e1s conforme con las condiciones expuestas, deber\u00e1s abstenerte de utilizar la Web.<\/p>\t\t\t\t\t\t\t\t<\/div>\n\t\t\t\t<\/div>\n\t\t\t\t<div class=\"elementor-element elementor-element-34ab62fb elementor-widget elementor-widget-text-editor\" data-id=\"34ab62fb\" data-element_type=\"widget\" data-widget_type=\"text-editor.default\">\n\t\t\t\t<div class=\"elementor-widget-container\">\n\t\t\t\t\t\t\t\t\t<p>3. Edad.<\/p>\t\t\t\t\t\t\t\t<\/div>\n\t\t\t\t<\/div>\n\t\t\t\t<div class=\"elementor-element elementor-element-465b7930 elementor-widget__width-initial elementor-widget-mobile_extra__width-inherit elementor-widget elementor-widget-text-editor\" data-id=\"465b7930\" data-element_type=\"widget\" data-widget_type=\"text-editor.default\">\n\t\t\t\t<div class=\"elementor-widget-container\">\n\t\t\t\t\t\t\t\t\t<p>La Web no est\u00e1 dirigida a menores de 14 a\u00f1os. El usuario declara tener al menos dicha edad y garantizar que los datos facilitados son veraces.<\/p>\t\t\t\t\t\t\t\t<\/div>\n\t\t\t\t<\/div>\n\t\t\t\t<div class=\"elementor-element elementor-element-222cb97b elementor-widget elementor-widget-text-editor\" data-id=\"222cb97b\" data-element_type=\"widget\" data-widget_type=\"text-editor.default\">\n\t\t\t\t<div class=\"elementor-widget-container\">\n\t\t\t\t\t\t\t\t\t<p>4. Propiedad intelectual o industrial.<\/p>\t\t\t\t\t\t\t\t<\/div>\n\t\t\t\t<\/div>\n\t\t\t\t<div class=\"elementor-element elementor-element-31ba066d elementor-widget__width-initial elementor-widget-mobile_extra__width-inherit elementor-widget elementor-widget-text-editor\" data-id=\"31ba066d\" data-element_type=\"widget\" data-widget_type=\"text-editor.default\">\n\t\t\t\t<div class=\"elementor-widget-container\">\n\t\t\t\t\t\t\t\t\t<p>Todos los contenidos de la Web, incluyendo textos, im\u00e1genes, dise\u00f1os, logos, software, c\u00f3digo fuente y cualquier otro elemento susceptible de protecci\u00f3n, est\u00e1n protegidos por derechos de propiedad intelectual e industrial titularidad de WANA INVERSIONES, S.A., del grupo HIDDEN HOTELS o de terceros que hayan autorizado su uso.<\/p><p>Queda prohibida la reproducci\u00f3n, distribuci\u00f3n, comunicaci\u00f3n p\u00fablica, transformaci\u00f3n o cualquier otro uso de los contenidos sin autorizaci\u00f3n expresa del titular de los derechos. El usuario podr\u00e1 realizar una copia privada de los contenidos \u00fanicamente para su uso personal, siempre que no implique cesi\u00f3n a terceros, explotaci\u00f3n comercial ni instalaci\u00f3n en servidores accesibles al p\u00fablico.<\/p>\t\t\t\t\t\t\t\t<\/div>\n\t\t\t\t<\/div>\n\t\t\t\t<div class=\"elementor-element elementor-element-476587dd elementor-widget elementor-widget-text-editor\" data-id=\"476587dd\" data-element_type=\"widget\" data-widget_type=\"text-editor.default\">\n\t\t\t\t<div class=\"elementor-widget-container\">\n\t\t\t\t\t\t\t\t\t<p>5. Normas comunes de uso de la web.<\/p>\t\t\t\t\t\t\t\t<\/div>\n\t\t\t\t<\/div>\n\t\t\t\t<div class=\"elementor-element elementor-element-f812af0 elementor-widget__width-initial elementor-widget-mobile_extra__width-inherit elementor-widget elementor-widget-text-editor\" data-id=\"f812af0\" data-element_type=\"widget\" data-widget_type=\"text-editor.default\">\n\t\t\t\t<div class=\"elementor-widget-container\">\n\t\t\t\t\t\t\t\t\t<p>El usuario se compromete a utilizar la Web de manera diligente, correcta y l\u00edcita, y a no realizar ninguna de las siguientes acciones:<\/p><ul><li>publicar comunicaciones comerciales no autorizadas;<\/li><li>transmitir virus o cualquier c\u00f3digo malicioso;<\/li><li>intentar acceder a cuentas de otros usuarios;<\/li><li>realizar actividades il\u00edcitas, fraudulentas, enga\u00f1osas o que perjudiquen a terceros;<\/li><li>vulnerar los derechos de propiedad intelectual o industrial;<\/li><li>interferir con el funcionamiento de la Web o con sus sistemas t\u00e9cnicos;<\/li><li>o utilizar la Web con fines contrarios al orden p\u00fablico o a la normativa aplicable.<\/li><\/ul><p>El titular podr\u00e1 retirar o bloquear contenidos, suspender el acceso o adoptar cualquier medida necesaria si el usuario incumple estas obligaciones.<\/p>\t\t\t\t\t\t\t\t<\/div>\n\t\t\t\t<\/div>\n\t\t\t\t<div class=\"elementor-element elementor-element-376fff57 elementor-widget elementor-widget-text-editor\" data-id=\"376fff57\" data-element_type=\"widget\" data-widget_type=\"text-editor.default\">\n\t\t\t\t<div class=\"elementor-widget-container\">\n\t\t\t\t\t\t\t\t\t<p>6. Enlaces y limitaci\u00f3n de responsabilidad.<\/p>\t\t\t\t\t\t\t\t<\/div>\n\t\t\t\t<\/div>\n\t\t\t\t<div class=\"elementor-element elementor-element-319a7f01 elementor-widget__width-initial elementor-widget-mobile_extra__width-inherit elementor-widget elementor-widget-text-editor\" data-id=\"319a7f01\" data-element_type=\"widget\" data-widget_type=\"text-editor.default\">\n\t\t\t\t<div class=\"elementor-widget-container\">\n\t\t\t\t\t\t\t\t\t<p>El establecimiento de un hiperenlace no implica en ning\u00fan caso la existencia de relaciones entre el Titular y el propietario del sitio web en la que se establezca, ni la aceptaci\u00f3n y aprobaci\u00f3n por parte del Titular de sus contenidos o servicios. Aquellas personas que se propongan establecer un hiperenlace, previamente deber\u00e1n solicitar autorizaci\u00f3n por escrito al Titular. En todo caso, el hiperenlace \u00fanicamente permitir\u00e1 el acceso a la p\u00e1gina de inicio de nuestro sitio web. Asimismo, deber\u00e1 abstenerse de realizar manifestaciones o indicaciones falsas, inexactas o incorrectas sobre el Titular, o incluir contenidos il\u00edcitos, contrarios a las buenas costumbres y al orden p\u00fablico.<\/p><p>El Titular no se responsabiliza del uso que cada usuario le d\u00e9 a los materiales puestos a disposici\u00f3n en este sitio web ni de las actuaciones que realice en base a los mismos. El contenido de la Web es de car\u00e1cter general y meramente informativo.<\/p><p>El Titular no asumir\u00e1 responsabilidad por el contenido o funcionamiento de webs de terceros a los que el usuario del sitio Web pueda acceder mediante cualquier tipo de enlace.<\/p><p>El Titular declina cualquier responsabilidad, hasta donde permita el ordenamiento jur\u00eddico, por los da\u00f1os y perjuicios derivados de la presencia de virus, de las actuaciones de terceros que vulneren derechos de propiedad, al honor, a la intimidad o sobre publicidad il\u00edcita.<\/p><p>Si alg\u00fan usuario o tercero considera que en la Web se est\u00e1 cometiendo alg\u00fan il\u00edcito de cualquier tipo, debe remitir una comunicaci\u00f3n al Titular a la direcci\u00f3n de email que aparece en nuestros datos identificativos. Deber\u00e1 identificarse debidamente, especificando los hechos que denuncia.<\/p>\t\t\t\t\t\t\t\t<\/div>\n\t\t\t\t<\/div>\n\t\t\t\t<div class=\"elementor-element elementor-element-2a242d92 elementor-widget elementor-widget-text-editor\" data-id=\"2a242d92\" data-element_type=\"widget\" data-widget_type=\"text-editor.default\">\n\t\t\t\t<div class=\"elementor-widget-container\">\n\t\t\t\t\t\t\t\t\t<p>7. Privacidad.<\/p>\t\t\t\t\t\t\t\t<\/div>\n\t\t\t\t<\/div>\n\t\t\t\t<div class=\"elementor-element elementor-element-62536552 elementor-widget__width-initial elementor-widget-mobile_extra__width-inherit elementor-widget elementor-widget-text-editor\" data-id=\"62536552\" data-element_type=\"widget\" data-widget_type=\"text-editor.default\">\n\t\t\t\t<div class=\"elementor-widget-container\">\n\t\t\t\t\t\t\t\t\t<p>Los datos personales que se recaben a trav\u00e9s de la Web ser\u00e1n tratados conforme a lo dispuesto en la Pol\u00edtica de Privacidad, donde se detalla la identidad de los responsables del tratamiento, las finalidades, bases jur\u00eddicas, destinatarios y dem\u00e1s informaci\u00f3n exigida por la normativa aplicable.<\/p>\t\t\t\t\t\t\t\t<\/div>\n\t\t\t\t<\/div>\n\t\t\t\t<div class=\"elementor-element elementor-element-6981c6ef elementor-widget elementor-widget-text-editor\" data-id=\"6981c6ef\" data-element_type=\"widget\" data-widget_type=\"text-editor.default\">\n\t\t\t\t<div class=\"elementor-widget-container\">\n\t\t\t\t\t\t\t\t\t<p>8. Modificaciones<\/p>\t\t\t\t\t\t\t\t<\/div>\n\t\t\t\t<\/div>\n\t\t\t\t<div class=\"elementor-element elementor-element-47e4ebf elementor-widget__width-initial elementor-widget-mobile_extra__width-inherit elementor-widget elementor-widget-text-editor\" data-id=\"47e4ebf\" data-element_type=\"widget\" data-widget_type=\"text-editor.default\">\n\t\t\t\t<div class=\"elementor-widget-container\">\n\t\t\t\t\t\t\t\t\t<p>El Titular se reserva el derecho a realizar las modificaciones que considere oportunas, sin aviso previo, en el contenido de su sitio web. Tanto en lo referente a los contenidos del sitio web, como en las condiciones de uso del mismo, o en las condiciones generales de contrataci\u00f3n. Dichas modificaciones podr\u00e1n realizarse a trav\u00e9s de su sitio web por cualquier forma admisible en derecho y ser\u00e1n de obligado cumplimiento durante el tiempo en que se encuentren publicadas en el web y hasta que no sean modificadas v\u00e1lidamente por otras posteriores.<\/p>\t\t\t\t\t\t\t\t<\/div>\n\t\t\t\t<\/div>\n\t\t\t\t<div class=\"elementor-element elementor-element-3efc2bd6 elementor-widget__width-initial elementor-widget-mobile_extra__width-inherit elementor-widget elementor-widget-text-editor\" data-id=\"3efc2bd6\" data-element_type=\"widget\" data-widget_type=\"text-editor.default\">\n\t\t\t\t<div class=\"elementor-widget-container\">\n\t\t\t\t\t\t\t\t\t<p>9. Legislaci\u00f3n aplicable, soluci\u00f3n de cuestiones controvertidas y foro competente.<\/p>\t\t\t\t\t\t\t\t<\/div>\n\t\t\t\t<\/div>\n\t\t\t\t<div class=\"elementor-element elementor-element-4f6fbe40 elementor-widget__width-initial elementor-widget-mobile_extra__width-inherit elementor-widget elementor-widget-text-editor\" data-id=\"4f6fbe40\" data-element_type=\"widget\" data-widget_type=\"text-editor.default\">\n\t\t\t\t<div class=\"elementor-widget-container\">\n\t\t\t\t\t\t\t\t\t<p>El uso de la Web se regir\u00e1 por la legislaci\u00f3n espa\u00f1ola. Cualquier controversia que surja o guarde relaci\u00f3n con el uso de la Web, ser\u00e1 sometido a la jurisdicci\u00f3n no exclusiva de los Juzgados y Tribunales del municipio donde radica el domicilio social del Titular.<\/p>\t\t\t\t\t\t\t\t<\/div>\n\t\t\t\t<\/div>\n\t\t\t\t\t<\/div>\n\t\t\t\t<\/div>\n\t\t\t\t<\/div>\n\t\t","protected":false},"excerpt":{"rendered":"<p>Aviso Legal 1. Identificaci\u00f3n y contacto del propietario de la web. El sitio web https:\/\/hiddenhotels.com\/seda-club\/ \u00a0(en adelante, la \u201cWeb\u201d) es titularidad de WANA INVERSIONES, S.A., (en adelante, el \u201cTitular\u201d), con CIF A83057174 y domicilio en C\/ Echegaray, 8, 28014, Madrid. WANA INVERSIONES, S.A., act\u00faa como sociedad explotadora del establecimiento SEDA CLUB HOTEL y como prestador [&hellip;]<\/p>\n","protected":false},"author":1,"featured_media":0,"parent":0,"menu_order":0,"comment_status":"closed","ping_status":"closed","template":"","meta":{"_acf_changed":false,"footnotes":""},"class_list":["post-458","page","type-page","status-publish","hentry"],"acf":[],"yoast_head":"<!-- This site is optimized with the Yoast SEO plugin v25.3 - https:\/\/yoast.com\/wordpress\/plugins\/seo\/ -->\n<title>Aviso Legal | Hotel Seda Club<\/title>\n<meta name=\"description\" content=\"Consulte el aviso legal de Hotel Seda Club. Informaci\u00f3n completa sobre condiciones de uso, normativa y protecci\u00f3n de sus derechos como usuario.\" \/>\n<meta name=\"robots\" content=\"noindex, nofollow\" \/>\n<meta property=\"og:locale\" content=\"es_ES\" \/>\n<meta property=\"og:type\" content=\"article\" \/>\n<meta property=\"og:title\" content=\"Aviso Legal | Hotel Seda Club\" \/>\n<meta property=\"og:description\" content=\"Consulte el aviso legal de Hotel Seda Club. Informaci\u00f3n completa sobre condiciones de uso, normativa y protecci\u00f3n de sus derechos como usuario.\" \/>\n<meta property=\"og:url\" content=\"https:\/\/hiddenhotels.com\/seda-club\/aviso-legal\/\" \/>\n<meta property=\"og:site_name\" content=\"Seda Club Hotel\" \/>\n<meta property=\"article:publisher\" content=\"https:\/\/www.facebook.com\/sedaclubhotel\/\" \/>\n<meta property=\"article:modified_time\" content=\"2026-04-15T10:05:38+00:00\" \/>\n<meta property=\"og:image\" content=\"https:\/\/hiddenhotels.com\/seda-club\/wp-content\/uploads\/sites\/6\/2025\/09\/Hotel-Rooftop-3-scaled-1.jpg\" \/>\n\t<meta property=\"og:image:width\" content=\"2560\" \/>\n\t<meta property=\"og:image:height\" content=\"1707\" \/>\n\t<meta property=\"og:image:type\" content=\"image\/jpeg\" \/>\n<meta name=\"twitter:card\" content=\"summary_large_image\" \/>\n<meta name=\"twitter:label1\" content=\"Tiempo de lectura\" \/>\n\t<meta name=\"twitter:data1\" content=\"5 minutos\" \/>\n<script type=\"application\/ld+json\" class=\"yoast-schema-graph\">{\"@context\":\"https:\/\/schema.org\",\"@graph\":[{\"@type\":\"WebPage\",\"@id\":\"https:\/\/hiddenhotels.com\/seda-club\/aviso-legal\/\",\"url\":\"https:\/\/hiddenhotels.com\/seda-club\/aviso-legal\/\",\"name\":\"Aviso Legal | Hotel Seda Club\",\"isPartOf\":{\"@id\":\"https:\/\/hiddenhotels.com\/seda-club\/#website\"},\"datePublished\":\"2025-09-11T09:27:26+00:00\",\"dateModified\":\"2026-04-15T10:05:38+00:00\",\"description\":\"Consulte el aviso legal de Hotel Seda Club. Informaci\u00f3n completa sobre condiciones de uso, normativa y protecci\u00f3n de sus derechos como usuario.\",\"breadcrumb\":{\"@id\":\"https:\/\/hiddenhotels.com\/seda-club\/aviso-legal\/#breadcrumb\"},\"inLanguage\":\"es\",\"potentialAction\":[{\"@type\":\"ReadAction\",\"target\":[\"https:\/\/hiddenhotels.com\/seda-club\/aviso-legal\/\"]}]},{\"@type\":\"BreadcrumbList\",\"@id\":\"https:\/\/hiddenhotels.com\/seda-club\/aviso-legal\/#breadcrumb\",\"itemListElement\":[{\"@type\":\"ListItem\",\"position\":1,\"name\":\"Portada\",\"item\":\"https:\/\/hiddenhotels.com\/seda-club\/\"},{\"@type\":\"ListItem\",\"position\":2,\"name\":\"Aviso legal\"}]},{\"@type\":\"WebSite\",\"@id\":\"https:\/\/hiddenhotels.com\/seda-club\/#website\",\"url\":\"https:\/\/hiddenhotels.com\/seda-club\/\",\"name\":\"Seda Club Hotel\",\"description\":\"Seda Club Hotel, hotel 5 estrellas Gran Lujo en el coraz\u00f3n de Granada: 21 habitaciones exquisitas, dise\u00f1o contempor\u00e1neo con toques art deco, spa boutique, restaurante de cocina local, terraza con vistas a la Catedral y ubicaci\u00f3n privilegiada en Plaza de la Trinidad. Vive el lujo con autenticidad.\",\"publisher\":{\"@id\":\"https:\/\/hiddenhotels.com\/seda-club\/#organization\"},\"alternateName\":\"Hotel Seda Club Granada\",\"potentialAction\":[{\"@type\":\"SearchAction\",\"target\":{\"@type\":\"EntryPoint\",\"urlTemplate\":\"https:\/\/hiddenhotels.com\/seda-club\/?s={search_term_string}\"},\"query-input\":{\"@type\":\"PropertyValueSpecification\",\"valueRequired\":true,\"valueName\":\"search_term_string\"}}],\"inLanguage\":\"es\"},{\"@type\":\"Organization\",\"@id\":\"https:\/\/hiddenhotels.com\/seda-club\/#organization\",\"name\":\"Seda Club Hotel\",\"alternateName\":\"Hotel Seda Club - Hidden Hotels\",\"url\":\"https:\/\/hiddenhotels.com\/seda-club\/\",\"logo\":{\"@type\":\"ImageObject\",\"inLanguage\":\"es\",\"@id\":\"https:\/\/hiddenhotels.com\/seda-club\/#\/schema\/logo\/image\/\",\"url\":\"https:\/\/hiddenhotels.com\/seda-club\/wp-content\/uploads\/sites\/6\/2025\/09\/cropped-logoSedaClub-black-favicon.png\",\"contentUrl\":\"https:\/\/hiddenhotels.com\/seda-club\/wp-content\/uploads\/sites\/6\/2025\/09\/cropped-logoSedaClub-black-favicon.png\",\"width\":512,\"height\":512,\"caption\":\"Seda Club Hotel\"},\"image\":{\"@id\":\"https:\/\/hiddenhotels.com\/seda-club\/#\/schema\/logo\/image\/\"},\"sameAs\":[\"https:\/\/www.facebook.com\/sedaclubhotel\/\",\"https:\/\/www.instagram.com\/sedaclubhotel\/\"]}]}<\/script>\n<!-- \/ Yoast SEO plugin. -->","yoast_head_json":{"title":"Aviso Legal | Hotel Seda Club","description":"Consulte el aviso legal de Hotel Seda Club. Informaci\u00f3n completa sobre condiciones de uso, normativa y protecci\u00f3n de sus derechos como usuario.","robots":{"index":"noindex","follow":"nofollow"},"og_locale":"es_ES","og_type":"article","og_title":"Aviso Legal | Hotel Seda Club","og_description":"Consulte el aviso legal de Hotel Seda Club. Informaci\u00f3n completa sobre condiciones de uso, normativa y protecci\u00f3n de sus derechos como usuario.","og_url":"https:\/\/hiddenhotels.com\/seda-club\/aviso-legal\/","og_site_name":"Seda Club Hotel","article_publisher":"https:\/\/www.facebook.com\/sedaclubhotel\/","article_modified_time":"2026-04-15T10:05:38+00:00","og_image":[{"width":2560,"height":1707,"url":"https:\/\/hiddenhotels.com\/seda-club\/wp-content\/uploads\/sites\/6\/2025\/09\/Hotel-Rooftop-3-scaled-1.jpg","type":"image\/jpeg"}],"twitter_card":"summary_large_image","twitter_misc":{"Tiempo de lectura":"5 minutos"},"schema":{"@context":"https:\/\/schema.org","@graph":[{"@type":"WebPage","@id":"https:\/\/hiddenhotels.com\/seda-club\/aviso-legal\/","url":"https:\/\/hiddenhotels.com\/seda-club\/aviso-legal\/","name":"Aviso Legal | Hotel Seda Club","isPartOf":{"@id":"https:\/\/hiddenhotels.com\/seda-club\/#website"},"datePublished":"2025-09-11T09:27:26+00:00","dateModified":"2026-04-15T10:05:38+00:00","description":"Consulte el aviso legal de Hotel Seda Club. Informaci\u00f3n completa sobre condiciones de uso, normativa y protecci\u00f3n de sus derechos como usuario.","breadcrumb":{"@id":"https:\/\/hiddenhotels.com\/seda-club\/aviso-legal\/#breadcrumb"},"inLanguage":"es","potentialAction":[{"@type":"ReadAction","target":["https:\/\/hiddenhotels.com\/seda-club\/aviso-legal\/"]}]},{"@type":"BreadcrumbList","@id":"https:\/\/hiddenhotels.com\/seda-club\/aviso-legal\/#breadcrumb","itemListElement":[{"@type":"ListItem","position":1,"name":"Portada","item":"https:\/\/hiddenhotels.com\/seda-club\/"},{"@type":"ListItem","position":2,"name":"Aviso legal"}]},{"@type":"WebSite","@id":"https:\/\/hiddenhotels.com\/seda-club\/#website","url":"https:\/\/hiddenhotels.com\/seda-club\/","name":"Seda Club Hotel","description":"Seda Club Hotel, hotel 5 estrellas Gran Lujo en el coraz\u00f3n de Granada: 21 habitaciones exquisitas, dise\u00f1o contempor\u00e1neo con toques art deco, spa boutique, restaurante de cocina local, terraza con vistas a la Catedral y ubicaci\u00f3n privilegiada en Plaza de la Trinidad. Vive el lujo con autenticidad.","publisher":{"@id":"https:\/\/hiddenhotels.com\/seda-club\/#organization"},"alternateName":"Hotel Seda Club Granada","potentialAction":[{"@type":"SearchAction","target":{"@type":"EntryPoint","urlTemplate":"https:\/\/hiddenhotels.com\/seda-club\/?s={search_term_string}"},"query-input":{"@type":"PropertyValueSpecification","valueRequired":true,"valueName":"search_term_string"}}],"inLanguage":"es"},{"@type":"Organization","@id":"https:\/\/hiddenhotels.com\/seda-club\/#organization","name":"Seda Club Hotel","alternateName":"Hotel Seda Club - Hidden Hotels","url":"https:\/\/hiddenhotels.com\/seda-club\/","logo":{"@type":"ImageObject","inLanguage":"es","@id":"https:\/\/hiddenhotels.com\/seda-club\/#\/schema\/logo\/image\/","url":"https:\/\/hiddenhotels.com\/seda-club\/wp-content\/uploads\/sites\/6\/2025\/09\/cropped-logoSedaClub-black-favicon.png","contentUrl":"https:\/\/hiddenhotels.com\/seda-club\/wp-content\/uploads\/sites\/6\/2025\/09\/cropped-logoSedaClub-black-favicon.png","width":512,"height":512,"caption":"Seda Club Hotel"},"image":{"@id":"https:\/\/hiddenhotels.com\/seda-club\/#\/schema\/logo\/image\/"},"sameAs":["https:\/\/www.facebook.com\/sedaclubhotel\/","https:\/\/www.instagram.com\/sedaclubhotel\/"]}]}},"_links":{"self":[{"href":"https:\/\/hiddenhotels.com\/seda-club\/wp-json\/wp\/v2\/pages\/458","targetHints":{"allow":["GET"]}}],"collection":[{"href":"https:\/\/hiddenhotels.com\/seda-club\/wp-json\/wp\/v2\/pages"}],"about":[{"href":"https:\/\/hiddenhotels.com\/seda-club\/wp-json\/wp\/v2\/types\/page"}],"author":[{"embeddable":true,"href":"https:\/\/hiddenhotels.com\/seda-club\/wp-json\/wp\/v2\/users\/1"}],"replies":[{"embeddable":true,"href":"https:\/\/hiddenhotels.com\/seda-club\/wp-json\/wp\/v2\/comments?post=458"}],"version-history":[{"count":14,"href":"https:\/\/hiddenhotels.com\/seda-club\/wp-json\/wp\/v2\/pages\/458\/revisions"}],"predecessor-version":[{"id":3508,"href":"https:\/\/hiddenhotels.com\/seda-club\/wp-json\/wp\/v2\/pages\/458\/revisions\/3508"}],"wp:attachment":[{"href":"https:\/\/hiddenhotels.com\/seda-club\/wp-json\/wp\/v2\/media?parent=458"}],"curies":[{"name":"wp","href":"https:\/\/api.w.org\/{rel}","templated":true}]}}