{"id":1253,"date":"2025-11-21T13:20:30","date_gmt":"2025-11-21T12:20:30","guid":{"rendered":"https:\/\/hiddenhotels.com\/seda-residences\/?page_id=1253"},"modified":"2026-04-15T12:23:40","modified_gmt":"2026-04-15T10:23:40","slug":"politica-de-cookies","status":"publish","type":"page","link":"https:\/\/hiddenhotels.com\/seda-residences\/politica-de-cookies\/","title":{"rendered":"Pol\u00edtica de Cookies"},"content":{"rendered":"\t\t<div data-elementor-type=\"wp-page\" data-elementor-id=\"1253\" class=\"elementor elementor-1253\" data-elementor-post-type=\"page\">\n\t\t\t\t<div class=\"elementor-element elementor-element-3ffc46d e-flex e-con-boxed e-con e-parent\" data-id=\"3ffc46d\" data-element_type=\"container\">\n\t\t\t\t\t<div class=\"e-con-inner\">\n\t\t\t\t<div class=\"elementor-element elementor-element-17c8eee elementor-widget elementor-widget-heading\" data-id=\"17c8eee\" data-element_type=\"widget\" data-widget_type=\"heading.default\">\n\t\t\t\t\t<h2 class=\"elementor-heading-title elementor-size-default\">Pol\u00edtica de cookies<\/h2>\t\t\t\t<\/div>\n\t\t\t\t<div class=\"elementor-element elementor-element-00b8d0a elementor-widget elementor-widget-html\" data-id=\"00b8d0a\" data-element_type=\"widget\" data-widget_type=\"html.default\">\n\t\t\t\t\t<script id=\"CookieDeclaration\" src=\"https:\/\/consent.cookiebot.com\/0b0cbadd-cfb1-4eea-8ade-d96e6589f0af\/cd.js\" type=\"text\/javascript\" async><\/script>\t\t\t\t<\/div>\n\t\t\t\t\t<\/div>\n\t\t\t\t<\/div>\n\t\t\t\t<\/div>\n\t\t","protected":false},"excerpt":{"rendered":"<p>Pol\u00edtica de cookies<\/p>\n","protected":false},"author":1,"featured_media":0,"parent":0,"menu_order":0,"comment_status":"closed","ping_status":"closed","template":"","meta":{"_acf_changed":false,"footnotes":""},"class_list":["post-1253","page","type-page","status-publish","hentry"],"acf":[],"yoast_head":"<!-- This site is optimized with the Yoast SEO plugin v25.3 - https:\/\/yoast.com\/wordpress\/plugins\/seo\/ -->\n<title>Pol\u00edtica de Cookies | Seda Residences<\/title>\n<meta name=\"description\" content=\"Consulte la informaci\u00f3n legal del sitio web del Seda Residences. Conozca los derechos, responsabilidades y condiciones de uso de nuestra p\u00e1gina.\" \/>\n<meta name=\"robots\" content=\"index, follow, max-snippet:-1, max-image-preview:large, max-video-preview:-1\" \/>\n<link rel=\"canonical\" href=\"https:\/\/hiddenhotels.com\/seda-residences\/politica-de-cookies\/\" \/>\n<meta property=\"og:locale\" content=\"es_ES\" \/>\n<meta property=\"og:type\" content=\"article\" \/>\n<meta property=\"og:title\" content=\"Pol\u00edtica de Cookies | Seda Residences\" \/>\n<meta property=\"og:description\" content=\"Consulte la informaci\u00f3n legal del sitio web del Seda Residences. Conozca los derechos, responsabilidades y condiciones de uso de nuestra p\u00e1gina.\" \/>\n<meta property=\"og:url\" content=\"https:\/\/hiddenhotels.com\/seda-residences\/politica-de-cookies\/\" \/>\n<meta property=\"og:site_name\" content=\"Seda Residences\" \/>\n<meta property=\"article:modified_time\" content=\"2026-04-15T10:23:40+00:00\" \/>\n<meta name=\"twitter:card\" content=\"summary_large_image\" \/>\n<meta name=\"twitter:label1\" content=\"Tiempo de lectura\" \/>\n\t<meta name=\"twitter:data1\" content=\"7 minutos\" \/>\n<script type=\"application\/ld+json\" class=\"yoast-schema-graph\">{\"@context\":\"https:\/\/schema.org\",\"@graph\":[{\"@type\":\"WebPage\",\"@id\":\"https:\/\/hiddenhotels.com\/seda-residences\/politica-de-cookies\/\",\"url\":\"https:\/\/hiddenhotels.com\/seda-residences\/politica-de-cookies\/\",\"name\":\"Pol\u00edtica de Cookies | Seda Residences\",\"isPartOf\":{\"@id\":\"https:\/\/hiddenhotels.com\/seda-residences\/#website\"},\"datePublished\":\"2025-11-21T12:20:30+00:00\",\"dateModified\":\"2026-04-15T10:23:40+00:00\",\"description\":\"Consulte la informaci\u00f3n legal del sitio web del Seda Residences. Conozca los derechos, responsabilidades y condiciones de uso de nuestra p\u00e1gina.\",\"breadcrumb\":{\"@id\":\"https:\/\/hiddenhotels.com\/seda-residences\/politica-de-cookies\/#breadcrumb\"},\"inLanguage\":\"es\",\"potentialAction\":[{\"@type\":\"ReadAction\",\"target\":[\"https:\/\/hiddenhotels.com\/seda-residences\/politica-de-cookies\/\"]}]},{\"@type\":\"BreadcrumbList\",\"@id\":\"https:\/\/hiddenhotels.com\/seda-residences\/politica-de-cookies\/#breadcrumb\",\"itemListElement\":[{\"@type\":\"ListItem\",\"position\":1,\"name\":\"Portada\",\"item\":\"https:\/\/hiddenhotels.com\/seda-residences\/\"},{\"@type\":\"ListItem\",\"position\":2,\"name\":\"Pol\u00edtica de Cookies\"}]},{\"@type\":\"WebSite\",\"@id\":\"https:\/\/hiddenhotels.com\/seda-residences\/#website\",\"url\":\"https:\/\/hiddenhotels.com\/seda-residences\/\",\"name\":\"Seda Residences\",\"description\":\"\",\"potentialAction\":[{\"@type\":\"SearchAction\",\"target\":{\"@type\":\"EntryPoint\",\"urlTemplate\":\"https:\/\/hiddenhotels.com\/seda-residences\/?s={search_term_string}\"},\"query-input\":{\"@type\":\"PropertyValueSpecification\",\"valueRequired\":true,\"valueName\":\"search_term_string\"}}],\"inLanguage\":\"es\"}]}<\/script>\n<!-- \/ Yoast SEO plugin. -->","yoast_head_json":{"title":"Pol\u00edtica de Cookies | Seda Residences","description":"Consulte la informaci\u00f3n legal del sitio web del Seda Residences. Conozca los derechos, responsabilidades y condiciones de uso de nuestra p\u00e1gina.","robots":{"index":"index","follow":"follow","max-snippet":"max-snippet:-1","max-image-preview":"max-image-preview:large","max-video-preview":"max-video-preview:-1"},"canonical":"https:\/\/hiddenhotels.com\/seda-residences\/politica-de-cookies\/","og_locale":"es_ES","og_type":"article","og_title":"Pol\u00edtica de Cookies | Seda Residences","og_description":"Consulte la informaci\u00f3n legal del sitio web del Seda Residences. Conozca los derechos, responsabilidades y condiciones de uso de nuestra p\u00e1gina.","og_url":"https:\/\/hiddenhotels.com\/seda-residences\/politica-de-cookies\/","og_site_name":"Seda Residences","article_modified_time":"2026-04-15T10:23:40+00:00","twitter_card":"summary_large_image","twitter_misc":{"Tiempo de lectura":"7 minutos"},"schema":{"@context":"https:\/\/schema.org","@graph":[{"@type":"WebPage","@id":"https:\/\/hiddenhotels.com\/seda-residences\/politica-de-cookies\/","url":"https:\/\/hiddenhotels.com\/seda-residences\/politica-de-cookies\/","name":"Pol\u00edtica de Cookies | Seda Residences","isPartOf":{"@id":"https:\/\/hiddenhotels.com\/seda-residences\/#website"},"datePublished":"2025-11-21T12:20:30+00:00","dateModified":"2026-04-15T10:23:40+00:00","description":"Consulte la informaci\u00f3n legal del sitio web del Seda Residences. Conozca los derechos, responsabilidades y condiciones de uso de nuestra p\u00e1gina.","breadcrumb":{"@id":"https:\/\/hiddenhotels.com\/seda-residences\/politica-de-cookies\/#breadcrumb"},"inLanguage":"es","potentialAction":[{"@type":"ReadAction","target":["https:\/\/hiddenhotels.com\/seda-residences\/politica-de-cookies\/"]}]},{"@type":"BreadcrumbList","@id":"https:\/\/hiddenhotels.com\/seda-residences\/politica-de-cookies\/#breadcrumb","itemListElement":[{"@type":"ListItem","position":1,"name":"Portada","item":"https:\/\/hiddenhotels.com\/seda-residences\/"},{"@type":"ListItem","position":2,"name":"Pol\u00edtica de Cookies"}]},{"@type":"WebSite","@id":"https:\/\/hiddenhotels.com\/seda-residences\/#website","url":"https:\/\/hiddenhotels.com\/seda-residences\/","name":"Seda Residences","description":"","potentialAction":[{"@type":"SearchAction","target":{"@type":"EntryPoint","urlTemplate":"https:\/\/hiddenhotels.com\/seda-residences\/?s={search_term_string}"},"query-input":{"@type":"PropertyValueSpecification","valueRequired":true,"valueName":"search_term_string"}}],"inLanguage":"es"}]}},"_links":{"self":[{"href":"https:\/\/hiddenhotels.com\/seda-residences\/wp-json\/wp\/v2\/pages\/1253","targetHints":{"allow":["GET"]}}],"collection":[{"href":"https:\/\/hiddenhotels.com\/seda-residences\/wp-json\/wp\/v2\/pages"}],"about":[{"href":"https:\/\/hiddenhotels.com\/seda-residences\/wp-json\/wp\/v2\/types\/page"}],"author":[{"embeddable":true,"href":"https:\/\/hiddenhotels.com\/seda-residences\/wp-json\/wp\/v2\/users\/1"}],"replies":[{"embeddable":true,"href":"https:\/\/hiddenhotels.com\/seda-residences\/wp-json\/wp\/v2\/comments?post=1253"}],"version-history":[{"count":4,"href":"https:\/\/hiddenhotels.com\/seda-residences\/wp-json\/wp\/v2\/pages\/1253\/revisions"}],"predecessor-version":[{"id":1257,"href":"https:\/\/hiddenhotels.com\/seda-residences\/wp-json\/wp\/v2\/pages\/1253\/revisions\/1257"}],"wp:attachment":[{"href":"https:\/\/hiddenhotels.com\/seda-residences\/wp-json\/wp\/v2\/media?parent=1253"}],"curies":[{"name":"wp","href":"https:\/\/api.w.org\/{rel}","templated":true}]}}